{"id":134,"date":"2024-12-06T10:05:14","date_gmt":"2024-12-06T09:05:14","guid":{"rendered":"https:\/\/meylan-cyclo.fr\/?page_id=134"},"modified":"2024-12-07T14:39:10","modified_gmt":"2024-12-07T13:39:10","slug":"parcours-50-km","status":"publish","type":"page","link":"https:\/\/meylan-cyclo.fr\/index.php\/evenements\/randonnee-meylan-cyclo\/parcours-50-km\/","title":{"rendered":"Parcours 50 km"},"content":{"rendered":"\n<p>50 km &#8211; 400 m de d\u00e9nivel\u00e9<\/p>\n\n\n\n<p>1 contr\u00f4le de ravitaillement sur ce parcours &#8211; Assiette garnie \u00e0 l&#8217;arriv\u00e9e<\/p>\n\n\n\n<div class=\"wp-block-media-text is-stacked-on-mobile\" style=\"grid-template-columns:20% auto\"><figure class=\"wp-block-media-text__media\"><a href=\"https:\/\/www.openrunner.com\/route-details\/17130366\" target=\"_blank\" rel=\" noreferrer noopener\"><img loading=\"lazy\" decoding=\"async\" width=\"150\" height=\"150\" src=\"https:\/\/meylan-cyclo.fr\/wp-content\/uploads\/2024\/12\/RMC-carte-du-50km-150x150.jpg\" alt=\"\" class=\"wp-image-502 size-full\"\/><\/a><\/figure><div class=\"wp-block-media-text__content\">\n<p><a href=\"https:\/\/www.openrunner.com\/route-details\/17130366\" target=\"_blank\" rel=\"noreferrer noopener\">Openrunner #17130366<\/a><\/p>\n\n\n\n<p><a href=\"https:\/\/meylan-cyclo.fr\/resources\/gpx\/rmc_50km-17130366.gpx\">Fichier gpx<\/a> \u00e0 t\u00e9l\u00e9charger<\/p>\n<\/div><\/div>\n\n\n\n<p>Apr\u00e8s un petit \u00e9chauffement sur les berges de l&#8217;Is\u00e8re, vous d\u00e9couvrirez les coteaux au pied de la Chartreuse et la vall\u00e9e du Gr\u00e9sivaudan pour atteindre La Terrasse o\u00f9 un ravitaillement vous permettra de refaire provision d&#8217;\u00e9nergie pour le retour.<br>Vous ne manquerez pas d&#8217;admirer \u00e0 l&#8217;est la cha\u00eene de Belledonne qui culmine \u00e0 pr\u00e8s de 3000 m.<br>A l&#8217;ouest, le Massif de Chartreuse o\u00f9 tr\u00f4ne la dent de Crolles. Vous apercevrez s\u00fbrement les nombreux parapentistes qui se lancent du haut de la falaise \u00e0 St Hilaire du Touvet.<\/p>\n","protected":false},"excerpt":{"rendered":"<p>50 km &#8211; 400 m de d\u00e9nivel\u00e9 1 contr\u00f4le de ravitaillement sur ce parcours &#8211; Assiette garnie \u00e0 l&#8217;arriv\u00e9e Openrunner #17130366 Fichier gpx \u00e0 t\u00e9l\u00e9charger Apr\u00e8s un petit \u00e9chauffement sur les berges de l&#8217;Is\u00e8re, vous d\u00e9couvrirez les coteaux au pied de la Chartreuse et la vall\u00e9e du Gr\u00e9sivaudan pour atteindre La Terrasse o\u00f9 un ravitaillement [&hellip;]<\/p>\n","protected":false},"author":1,"featured_media":0,"parent":121,"menu_order":0,"comment_status":"closed","ping_status":"closed","template":"","meta":{"footnotes":""},"class_list":["post-134","page","type-page","status-publish","hentry"],"_links":{"self":[{"href":"https:\/\/meylan-cyclo.fr\/index.php\/wp-json\/wp\/v2\/pages\/134","targetHints":{"allow":["GET"]}}],"collection":[{"href":"https:\/\/meylan-cyclo.fr\/index.php\/wp-json\/wp\/v2\/pages"}],"about":[{"href":"https:\/\/meylan-cyclo.fr\/index.php\/wp-json\/wp\/v2\/types\/page"}],"author":[{"embeddable":true,"href":"https:\/\/meylan-cyclo.fr\/index.php\/wp-json\/wp\/v2\/users\/1"}],"replies":[{"embeddable":true,"href":"https:\/\/meylan-cyclo.fr\/index.php\/wp-json\/wp\/v2\/comments?post=134"}],"version-history":[{"count":20,"href":"https:\/\/meylan-cyclo.fr\/index.php\/wp-json\/wp\/v2\/pages\/134\/revisions"}],"predecessor-version":[{"id":510,"href":"https:\/\/meylan-cyclo.fr\/index.php\/wp-json\/wp\/v2\/pages\/134\/revisions\/510"}],"up":[{"embeddable":true,"href":"https:\/\/meylan-cyclo.fr\/index.php\/wp-json\/wp\/v2\/pages\/121"}],"wp:attachment":[{"href":"https:\/\/meylan-cyclo.fr\/index.php\/wp-json\/wp\/v2\/media?parent=134"}],"curies":[{"name":"wp","href":"https:\/\/api.w.org\/{rel}","templated":true}]}}